{"id":24,"date":"2019-11-09T00:33:02","date_gmt":"2019-11-08T22:33:02","guid":{"rendered":"https:\/\/lignanojournal.wordpress.com\/?page_id=6"},"modified":"2023-01-30T14:06:09","modified_gmt":"2023-01-30T13:06:09","slug":"blog","status":"publish","type":"page","link":"https:\/\/www.lignano-journal.com\/wp\/blog\/","title":{"rendered":""},"content":{"rendered":"\n<div class=\"wp-block-query is-layout-flow wp-block-query-is-layout-flow\"><ul class=\"is-flex-container columns-3 wp-block-post-template is-layout-flow wp-block-post-template-is-layout-flow\"><li class=\"wp-block-post post-254 post type-post status-publish format-standard has-post-thumbnail hentry category-allgemein category-geschichte category-lignano-pocket-guide category-veranstaltung tag-feiertag tag-geschichte tag-lignano tag-news tag-san-giovanni-bosco\">\n<h2 class=\"wp-block-post-title\"><a href=\"https:\/\/www.lignano-journal.com\/wp\/2024\/01\/31\/31-jan-giovanni-bosco\/\" target=\"_self\" >31.01. &#8211; Festtag San Giovanni Bosco<\/a><\/h2>\n\n<figure class=\"alignwide wp-block-post-featured-image\"><a href=\"https:\/\/www.lignano-journal.com\/wp\/2024\/01\/31\/31-jan-giovanni-bosco\/\" target=\"_self\"  ><img loading=\"lazy\" decoding=\"async\" width=\"1568\" height=\"1232\" src=\"https:\/\/www.lignano-journal.com\/wp\/wp-content\/uploads\/2020\/01\/66d8f6c7-6254-435e-88c7-f21642e572ff-1568x1232.jpg\" class=\"attachment-post-thumbnail size-post-thumbnail wp-post-image\" alt=\"31.01. &#8211; Festtag San Giovanni Bosco\" style=\"object-fit:cover;\" srcset=\"https:\/\/www.lignano-journal.com\/wp\/wp-content\/uploads\/2020\/01\/66d8f6c7-6254-435e-88c7-f21642e572ff-1568x1232.jpg 1568w, https:\/\/www.lignano-journal.com\/wp\/wp-content\/uploads\/2020\/01\/66d8f6c7-6254-435e-88c7-f21642e572ff-scaled-600x471.jpg 600w, https:\/\/www.lignano-journal.com\/wp\/wp-content\/uploads\/2020\/01\/66d8f6c7-6254-435e-88c7-f21642e572ff-300x236.jpg 300w, https:\/\/www.lignano-journal.com\/wp\/wp-content\/uploads\/2020\/01\/66d8f6c7-6254-435e-88c7-f21642e572ff-1024x804.jpg 1024w, https:\/\/www.lignano-journal.com\/wp\/wp-content\/uploads\/2020\/01\/66d8f6c7-6254-435e-88c7-f21642e572ff-768x603.jpg 768w, https:\/\/www.lignano-journal.com\/wp\/wp-content\/uploads\/2020\/01\/66d8f6c7-6254-435e-88c7-f21642e572ff-1536x1207.jpg 1536w, https:\/\/www.lignano-journal.com\/wp\/wp-content\/uploads\/2020\/01\/66d8f6c7-6254-435e-88c7-f21642e572ff-2048x1609.jpg 2048w\" sizes=\"auto, (max-width: 1568px) 100vw, 1568px\" \/><\/a><\/figure>\n\n<div class=\"wp-block-post-excerpt\"><p class=\"wp-block-post-excerpt__excerpt\">Der 31. 01. ist dem Schutzpatron von Lignano, San Giovanni Bosco, gewidmet. Die Pfarrkirche (Dom) in Sabbiadoro und der davor liegende Park sind nach ihm [&#8230;] <\/p><\/div>\n\n\n<hr class=\"wp-block-separator has-css-opacity\"\/>\n\n\n<div class=\"wp-block-post-date\"><time datetime=\"2024-01-31T05:00:58+01:00\">31. Januar 2024<\/time><\/div>\n<\/li><li class=\"wp-block-post post-2957 post type-post status-publish format-standard has-post-thumbnail hentry category-allgemein category-ausflug category-infrastruktur category-lignano-pocket-guide tag-bibione tag-fahrrad tag-lignano tag-reise tag-strand\">\n<h2 class=\"wp-block-post-title\"><a href=\"https:\/\/www.lignano-journal.com\/wp\/2024\/01\/23\/fahrrad-winter-lignano-bibione\/\" target=\"_self\" >Mit dem Fahrrad im Winter von Lignano zum Leuchtturm von Bibione<\/a><\/h2>\n\n<figure class=\"alignwide wp-block-post-featured-image\"><a href=\"https:\/\/www.lignano-journal.com\/wp\/2024\/01\/23\/fahrrad-winter-lignano-bibione\/\" target=\"_self\"  ><img loading=\"lazy\" decoding=\"async\" width=\"1920\" height=\"2560\" src=\"https:\/\/www.lignano-journal.com\/wp\/wp-content\/uploads\/2023\/02\/img_2883-scaled.jpg\" class=\"attachment-post-thumbnail size-post-thumbnail wp-post-image\" alt=\"Mit dem Fahrrad im Winter von Lignano zum Leuchtturm von Bibione\" style=\"object-fit:cover;\" srcset=\"https:\/\/www.lignano-journal.com\/wp\/wp-content\/uploads\/2023\/02\/img_2883-scaled.jpg 1920w, https:\/\/www.lignano-journal.com\/wp\/wp-content\/uploads\/2023\/02\/img_2883-225x300.jpg 225w, https:\/\/www.lignano-journal.com\/wp\/wp-content\/uploads\/2023\/02\/img_2883-768x1024.jpg 768w, https:\/\/www.lignano-journal.com\/wp\/wp-content\/uploads\/2023\/02\/img_2883-1152x1536.jpg 1152w, https:\/\/www.lignano-journal.com\/wp\/wp-content\/uploads\/2023\/02\/img_2883-1536x2048.jpg 1536w, https:\/\/www.lignano-journal.com\/wp\/wp-content\/uploads\/2023\/02\/img_2883-600x800.jpg 600w\" sizes=\"auto, (max-width: 1920px) 100vw, 1920px\" \/><\/a><\/figure>\n\n<div class=\"wp-block-post-excerpt\"><p class=\"wp-block-post-excerpt__excerpt\">Normalerweise kann man problemlos, vom Porto Marina Uno in Lignano Riviera mit der Radf\u00e4hre &#8222;X-River&#8220; in den Sommermonaten bis in den Sp\u00e4therbst, mit dem Fahrrad [&#8230;] <\/p><\/div>\n\n\n<hr class=\"wp-block-separator has-css-opacity\"\/>\n\n\n<div class=\"wp-block-post-date\"><time datetime=\"2024-01-23T11:00:12+01:00\">23. Januar 2024<\/time><\/div>\n<\/li><li class=\"wp-block-post post-3252 post type-post status-publish format-standard has-post-thumbnail hentry category-allgemein category-kalender tag-events tag-friuli tag-lignano tag-merchandising\">\n<h2 class=\"wp-block-post-title\"><a href=\"https:\/\/www.lignano-journal.com\/wp\/2023\/09\/21\/kalender-fuer-2024\/\" target=\"_self\" >JETZT erh\u00e4ltlich: unser FOTOKALENDER f\u00fcr 2024<\/a><\/h2>\n\n<figure class=\"alignwide wp-block-post-featured-image\"><a href=\"https:\/\/www.lignano-journal.com\/wp\/2023\/09\/21\/kalender-fuer-2024\/\" target=\"_self\"  ><img loading=\"lazy\" decoding=\"async\" width=\"1566\" height=\"1098\" src=\"https:\/\/www.lignano-journal.com\/wp\/wp-content\/uploads\/2023\/08\/00_Titelbild.png\" class=\"attachment-post-thumbnail size-post-thumbnail wp-post-image\" alt=\"JETZT erh\u00e4ltlich: unser FOTOKALENDER f\u00fcr 2024\" style=\"object-fit:cover;\" srcset=\"https:\/\/www.lignano-journal.com\/wp\/wp-content\/uploads\/2023\/08\/00_Titelbild.png 1566w, https:\/\/www.lignano-journal.com\/wp\/wp-content\/uploads\/2023\/08\/00_Titelbild-300x210.png 300w, https:\/\/www.lignano-journal.com\/wp\/wp-content\/uploads\/2023\/08\/00_Titelbild-1024x718.png 1024w, https:\/\/www.lignano-journal.com\/wp\/wp-content\/uploads\/2023\/08\/00_Titelbild-768x538.png 768w, https:\/\/www.lignano-journal.com\/wp\/wp-content\/uploads\/2023\/08\/00_Titelbild-1536x1077.png 1536w, https:\/\/www.lignano-journal.com\/wp\/wp-content\/uploads\/2023\/08\/00_Titelbild-600x421.png 600w\" sizes=\"auto, (max-width: 1566px) 100vw, 1566px\" \/><\/a><\/figure>\n\n<div class=\"wp-block-post-excerpt\"><p class=\"wp-block-post-excerpt__excerpt\">Aufgrund des gro\u00dfen Erfolges in den Vorjahren, bieten wir mit gro\u00dfer Freude auch heuer wieder, mittlerweile das f\u00fcnfte Jahr in Folge, unseren&nbsp;Fotokalender f\u00fcr das kommende [&#8230;] <\/p><\/div>\n\n\n<hr class=\"wp-block-separator has-css-opacity\"\/>\n\n\n<div class=\"wp-block-post-date\"><time datetime=\"2023-09-21T08:51:38+02:00\">21. September 2023<\/time><\/div>\n<\/li><\/ul><\/div>\n","protected":false},"excerpt":{"rendered":"<div class=\"mh-excerpt\"><\/div>","protected":false},"author":1,"featured_media":0,"parent":0,"menu_order":4,"comment_status":"closed","ping_status":"closed","template":"","meta":{"jetpack_post_was_ever_published":false,"footnotes":""},"class_list":["post-24","page","type-page","status-publish","hentry"],"jetpack_sharing_enabled":false,"jetpack_likes_enabled":null,"_links":{"self":[{"href":"https:\/\/www.lignano-journal.com\/wp\/wp-json\/wp\/v2\/pages\/24","targetHints":{"allow":["GET"]}}],"collection":[{"href":"https:\/\/www.lignano-journal.com\/wp\/wp-json\/wp\/v2\/pages"}],"about":[{"href":"https:\/\/www.lignano-journal.com\/wp\/wp-json\/wp\/v2\/types\/page"}],"author":[{"embeddable":true,"href":"https:\/\/www.lignano-journal.com\/wp\/wp-json\/wp\/v2\/users\/1"}],"replies":[{"embeddable":true,"href":"https:\/\/www.lignano-journal.com\/wp\/wp-json\/wp\/v2\/comments?post=24"}],"version-history":[{"count":1,"href":"https:\/\/www.lignano-journal.com\/wp\/wp-json\/wp\/v2\/pages\/24\/revisions"}],"predecessor-version":[{"id":2813,"href":"https:\/\/www.lignano-journal.com\/wp\/wp-json\/wp\/v2\/pages\/24\/revisions\/2813"}],"wp:attachment":[{"href":"https:\/\/www.lignano-journal.com\/wp\/wp-json\/wp\/v2\/media?parent=24"}],"curies":[{"name":"wp","href":"https:\/\/api.w.org\/{rel}","templated":true}]}}